{"id":2203,"date":"2024-09-22T13:39:19","date_gmt":"2024-09-22T13:39:19","guid":{"rendered":"https:\/\/mena-creation.com\/?post_type=product&#038;p=2203"},"modified":"2024-09-22T13:39:20","modified_gmt":"2024-09-22T13:39:20","slug":"casablanca","status":"publish","type":"product","link":"https:\/\/mena-creation.com\/fr\/produit\/casablanca\/","title":{"rendered":"Casablanca"},"content":{"rendered":"<p>Le gilet Casablanca allie une coupe classique des tailleurs \u00e0 l'\u00e9l\u00e9gance des motifs marocains. Inspir\u00e9 par la ville de Casablanca, symbole de travail et de force f\u00e9minine, il refl\u00e8te \u00e9galement la richesse de la culture traditionnelle marocaine \u00e0 travers son tissu unique et ses d\u00e9tails\u00a0raffin\u00e9s<\/p>","protected":false},"excerpt":{"rendered":"<p>Le gilet Casablanca allie une coupe classique des tailleurs \u00e0 l'\u00e9l\u00e9gance des motifs marocains. Inspir\u00e9 par la ville de Casablanca, symbole de travail et de force f\u00e9minine, il refl\u00e8te \u00e9galement la richesse de la culture traditionnelle marocaine \u00e0 travers son tissu unique et ses d\u00e9tails\u00a0raffin\u00e9s<\/p>","protected":false},"featured_media":2208,"comment_status":"open","ping_status":"closed","template":"","meta":{"site-sidebar-layout":"default","site-content-layout":"","ast-site-content-layout":"default","site-content-style":"default","site-sidebar-style":"default","ast-global-header-display":"","ast-banner-title-visibility":"","ast-main-header-display":"","ast-hfb-above-header-display":"","ast-hfb-below-header-display":"","ast-hfb-mobile-header-display":"","site-post-title":"","ast-breadcrumbs-content":"","ast-featured-img":"","footer-sml-layout":"","theme-transparent-header-meta":"default","adv-header-id-meta":"","stick-header-meta":"","header-above-stick-meta":"","header-main-stick-meta":"","header-below-stick-meta":"","astra-migrate-meta-layouts":"set","ast-page-background-enabled":"default","ast-page-background-meta":{"desktop":{"background-color":"","background-image":"","background-repeat":"repeat","background-position":"center center","background-size":"auto","background-attachment":"scroll","background-type":"","background-media":"","overlay-type":"","overlay-color":"","overlay-gradient":""},"tablet":{"background-color":"","background-image":"","background-repeat":"repeat","background-position":"center center","background-size":"auto","background-attachment":"scroll","background-type":"","background-media":"","overlay-type":"","overlay-color":"","overlay-gradient":""},"mobile":{"background-color":"","background-image":"","background-repeat":"repeat","background-position":"center center","background-size":"auto","background-attachment":"scroll","background-type":"","background-media":"","overlay-type":"","overlay-color":"","overlay-gradient":""}},"ast-content-background-meta":{"desktop":{"background-color":"var(--ast-global-color-5)","background-image":"","background-repeat":"repeat","background-position":"center center","background-size":"auto","background-attachment":"scroll","background-type":"","background-media":"","overlay-type":"","overlay-color":"","overlay-gradient":""},"tablet":{"background-color":"var(--ast-global-color-5)","background-image":"","background-repeat":"repeat","background-position":"center center","background-size":"auto","background-attachment":"scroll","background-type":"","background-media":"","overlay-type":"","overlay-color":"","overlay-gradient":""},"mobile":{"background-color":"var(--ast-global-color-5)","background-image":"","background-repeat":"repeat","background-position":"center center","background-size":"auto","background-attachment":"scroll","background-type":"","background-media":"","overlay-type":"","overlay-color":"","overlay-gradient":""}}},"product_brand":[],"product_cat":[55,53],"product_tag":[],"class_list":{"0":"post-2203","1":"product","2":"type-product","3":"status-publish","4":"has-post-thumbnail","6":"product_cat-vest","7":"product_cat-women","8":"desktop-align-left","9":"tablet-align-left","10":"mobile-align-left","12":"first","13":"instock","14":"taxable","15":"shipping-taxable","16":"purchasable","17":"product-type-variable"},"_links":{"self":[{"href":"https:\/\/mena-creation.com\/fr\/wp-json\/wp\/v2\/product\/2203","targetHints":{"allow":["GET"]}}],"collection":[{"href":"https:\/\/mena-creation.com\/fr\/wp-json\/wp\/v2\/product"}],"about":[{"href":"https:\/\/mena-creation.com\/fr\/wp-json\/wp\/v2\/types\/product"}],"replies":[{"embeddable":true,"href":"https:\/\/mena-creation.com\/fr\/wp-json\/wp\/v2\/comments?post=2203"}],"wp:featuredmedia":[{"embeddable":true,"href":"https:\/\/mena-creation.com\/fr\/wp-json\/wp\/v2\/media\/2208"}],"wp:attachment":[{"href":"https:\/\/mena-creation.com\/fr\/wp-json\/wp\/v2\/media?parent=2203"}],"wp:term":[{"taxonomy":"product_brand","embeddable":true,"href":"https:\/\/mena-creation.com\/fr\/wp-json\/wp\/v2\/product_brand?post=2203"},{"taxonomy":"product_cat","embeddable":true,"href":"https:\/\/mena-creation.com\/fr\/wp-json\/wp\/v2\/product_cat?post=2203"},{"taxonomy":"product_tag","embeddable":true,"href":"https:\/\/mena-creation.com\/fr\/wp-json\/wp\/v2\/product_tag?post=2203"}],"curies":[{"name":"wp","href":"https:\/\/api.w.org\/{rel}","templated":true}]}}