{"id":1394,"date":"2023-05-05T21:59:54","date_gmt":"2023-05-05T21:59:54","guid":{"rendered":"https:\/\/mena-creation.com\/?post_type=product&#038;p=1394"},"modified":"2025-02-09T15:24:24","modified_gmt":"2025-02-09T15:24:24","slug":"chemise-creation-of-adam","status":"publish","type":"product","link":"https:\/\/mena-creation.com\/fr\/produit\/chemise-creation-of-adam\/","title":{"rendered":"Creation of Adam"},"content":{"rendered":"<p>Inspir\u00e9 par la c\u00e9l\u00e8bre peinture de Michelangelo, qui repr\u00e9sente le moment o\u00f9 Dieu insuffle la vie \u00e0 Adam, symbolisant la cr\u00e9ation de l'humanit\u00e9. Son design intemporel et minimaliste en fait une pi\u00e8ce polyvalente qui peut \u00eatre assortie \u00e0 une vari\u00e9t\u00e9 d'accessoires et de styles. Parfait pour le printemps et l'\u00e9t\u00e9, offrant \u00e0 la fois confort et style. Cette cr\u00e9ation ne manquera pas d'impressionner, que vous assistiez \u00e0 une r\u00e9union d\u00e9contract\u00e9e entre amis ou \u00e0 un \u00e9v\u00e9nement plus formel.<\/p>","protected":false},"excerpt":{"rendered":"<p>Cette cr\u00e9ation est sur commande , avec un d\u00e9lai de production\u00a0de\u00a010\u00a0jours<\/p>","protected":false},"featured_media":1397,"comment_status":"open","ping_status":"closed","template":"","meta":{"site-sidebar-layout":"default","site-content-layout":"default","ast-site-content-layout":"default","site-content-style":"default","site-sidebar-style":"default","ast-global-header-display":"","ast-banner-title-visibility":"","ast-main-header-display":"","ast-hfb-above-header-display":"","ast-hfb-below-header-display":"","ast-hfb-mobile-header-display":"","site-post-title":"","ast-breadcrumbs-content":"","ast-featured-img":"","footer-sml-layout":"","theme-transparent-header-meta":"default","adv-header-id-meta":"","stick-header-meta":"","header-above-stick-meta":"","header-main-stick-meta":"","header-below-stick-meta":"","astra-migrate-meta-layouts":"set","ast-page-background-enabled":"default","ast-page-background-meta":{"desktop":{"background-color":"","background-image":"","background-repeat":"repeat","background-position":"center center","background-size":"auto","background-attachment":"scroll","background-type":"","background-media":"","overlay-type":"","overlay-color":"","overlay-gradient":""},"tablet":{"background-color":"","background-image":"","background-repeat":"repeat","background-position":"center center","background-size":"auto","background-attachment":"scroll","background-type":"","background-media":"","overlay-type":"","overlay-color":"","overlay-gradient":""},"mobile":{"background-color":"","background-image":"","background-repeat":"repeat","background-position":"center center","background-size":"auto","background-attachment":"scroll","background-type":"","background-media":"","overlay-type":"","overlay-color":"","overlay-gradient":""}},"ast-content-background-meta":{"desktop":{"background-color":"var(--ast-global-color-5)","background-image":"","background-repeat":"repeat","background-position":"center center","background-size":"auto","background-attachment":"scroll","background-type":"","background-media":"","overlay-type":"","overlay-color":"","overlay-gradient":""},"tablet":{"background-color":"var(--ast-global-color-5)","background-image":"","background-repeat":"repeat","background-position":"center center","background-size":"auto","background-attachment":"scroll","background-type":"","background-media":"","overlay-type":"","overlay-color":"","overlay-gradient":""},"mobile":{"background-color":"var(--ast-global-color-5)","background-image":"","background-repeat":"repeat","background-position":"center center","background-size":"auto","background-attachment":"scroll","background-type":"","background-media":"","overlay-type":"","overlay-color":"","overlay-gradient":""}}},"product_brand":[],"product_cat":[62,53],"product_tag":[],"class_list":{"0":"post-1394","1":"product","2":"type-product","3":"status-publish","4":"has-post-thumbnail","6":"product_cat-tunic","7":"product_cat-women","8":"desktop-align-left","9":"tablet-align-left","10":"mobile-align-left","12":"first","13":"instock","14":"taxable","15":"shipping-taxable","16":"purchasable","17":"product-type-variable","18":"has-default-attributes"},"_links":{"self":[{"href":"https:\/\/mena-creation.com\/fr\/wp-json\/wp\/v2\/product\/1394","targetHints":{"allow":["GET"]}}],"collection":[{"href":"https:\/\/mena-creation.com\/fr\/wp-json\/wp\/v2\/product"}],"about":[{"href":"https:\/\/mena-creation.com\/fr\/wp-json\/wp\/v2\/types\/product"}],"replies":[{"embeddable":true,"href":"https:\/\/mena-creation.com\/fr\/wp-json\/wp\/v2\/comments?post=1394"}],"wp:featuredmedia":[{"embeddable":true,"href":"https:\/\/mena-creation.com\/fr\/wp-json\/wp\/v2\/media\/1397"}],"wp:attachment":[{"href":"https:\/\/mena-creation.com\/fr\/wp-json\/wp\/v2\/media?parent=1394"}],"wp:term":[{"taxonomy":"product_brand","embeddable":true,"href":"https:\/\/mena-creation.com\/fr\/wp-json\/wp\/v2\/product_brand?post=1394"},{"taxonomy":"product_cat","embeddable":true,"href":"https:\/\/mena-creation.com\/fr\/wp-json\/wp\/v2\/product_cat?post=1394"},{"taxonomy":"product_tag","embeddable":true,"href":"https:\/\/mena-creation.com\/fr\/wp-json\/wp\/v2\/product_tag?post=1394"}],"curies":[{"name":"wp","href":"https:\/\/api.w.org\/{rel}","templated":true}]}}