{"id":1165,"date":"2023-04-27T18:48:09","date_gmt":"2023-04-27T18:48:09","guid":{"rendered":"https:\/\/mena-creation.com\/?post_type=product&#038;p=1165"},"modified":"2024-04-24T22:30:42","modified_gmt":"2024-04-24T22:30:42","slug":"veste-mogador","status":"publish","type":"product","link":"https:\/\/mena-creation.com\/fr\/produit\/veste-mogador\/","title":{"rendered":"Mogador"},"content":{"rendered":"<p>Le nom \"Mogador\" rend hommage \u00e0 la culture vibrante de la ville et aux rythmes anim\u00e9s des Gnaoua. Modador est une cr\u00e9ation faites par un tissu unique et\u00a0artisanal, le tissu est doubl\u00e9 de satin rouge, lui conf\u00e9rant un aspect chic et sophistiqu\u00e9. Que vous recherchiez une pi\u00e8ce forte pour une occasion sp\u00e9ciale ou que vous souhaitiez simplement ajouter une touche d'\u00e9l\u00e9gance marocaine \u00e0 votre garde-robe, le \"Mogador\" est le choix parfait.<\/p>","protected":false},"excerpt":{"rendered":"<p>Cette cr\u00e9ation est sur commande , avec un d\u00e9lai de production\u00a0de\u00a010\u00a0jours<\/p>","protected":false},"featured_media":1167,"comment_status":"open","ping_status":"closed","template":"","meta":{"site-sidebar-layout":"default","site-content-layout":"default","ast-site-content-layout":"default","site-content-style":"default","site-sidebar-style":"default","ast-global-header-display":"","ast-banner-title-visibility":"","ast-main-header-display":"","ast-hfb-above-header-display":"","ast-hfb-below-header-display":"","ast-hfb-mobile-header-display":"","site-post-title":"","ast-breadcrumbs-content":"","ast-featured-img":"","footer-sml-layout":"","theme-transparent-header-meta":"default","adv-header-id-meta":"","stick-header-meta":"","header-above-stick-meta":"","header-main-stick-meta":"","header-below-stick-meta":"","astra-migrate-meta-layouts":"set","ast-page-background-enabled":"default","ast-page-background-meta":{"desktop":{"background-color":"","background-image":"","background-repeat":"repeat","background-position":"center center","background-size":"auto","background-attachment":"scroll","background-type":"","background-media":"","overlay-type":"","overlay-color":"","overlay-gradient":""},"tablet":{"background-color":"","background-image":"","background-repeat":"repeat","background-position":"center center","background-size":"auto","background-attachment":"scroll","background-type":"","background-media":"","overlay-type":"","overlay-color":"","overlay-gradient":""},"mobile":{"background-color":"","background-image":"","background-repeat":"repeat","background-position":"center center","background-size":"auto","background-attachment":"scroll","background-type":"","background-media":"","overlay-type":"","overlay-color":"","overlay-gradient":""}},"ast-content-background-meta":{"desktop":{"background-color":"var(--ast-global-color-5)","background-image":"","background-repeat":"repeat","background-position":"center center","background-size":"auto","background-attachment":"scroll","background-type":"","background-media":"","overlay-type":"","overlay-color":"","overlay-gradient":""},"tablet":{"background-color":"var(--ast-global-color-5)","background-image":"","background-repeat":"repeat","background-position":"center center","background-size":"auto","background-attachment":"scroll","background-type":"","background-media":"","overlay-type":"","overlay-color":"","overlay-gradient":""},"mobile":{"background-color":"var(--ast-global-color-5)","background-image":"","background-repeat":"repeat","background-position":"center center","background-size":"auto","background-attachment":"scroll","background-type":"","background-media":"","overlay-type":"","overlay-color":"","overlay-gradient":""}}},"product_brand":[],"product_cat":[55,53],"product_tag":[],"class_list":{"0":"post-1165","1":"product","2":"type-product","3":"status-publish","4":"has-post-thumbnail","6":"product_cat-vest","7":"product_cat-women","8":"desktop-align-left","9":"tablet-align-left","10":"mobile-align-left","12":"first","13":"instock","14":"taxable","15":"shipping-taxable","16":"purchasable","17":"product-type-variable","18":"has-default-attributes"},"_links":{"self":[{"href":"https:\/\/mena-creation.com\/fr\/wp-json\/wp\/v2\/product\/1165","targetHints":{"allow":["GET"]}}],"collection":[{"href":"https:\/\/mena-creation.com\/fr\/wp-json\/wp\/v2\/product"}],"about":[{"href":"https:\/\/mena-creation.com\/fr\/wp-json\/wp\/v2\/types\/product"}],"replies":[{"embeddable":true,"href":"https:\/\/mena-creation.com\/fr\/wp-json\/wp\/v2\/comments?post=1165"}],"wp:featuredmedia":[{"embeddable":true,"href":"https:\/\/mena-creation.com\/fr\/wp-json\/wp\/v2\/media\/1167"}],"wp:attachment":[{"href":"https:\/\/mena-creation.com\/fr\/wp-json\/wp\/v2\/media?parent=1165"}],"wp:term":[{"taxonomy":"product_brand","embeddable":true,"href":"https:\/\/mena-creation.com\/fr\/wp-json\/wp\/v2\/product_brand?post=1165"},{"taxonomy":"product_cat","embeddable":true,"href":"https:\/\/mena-creation.com\/fr\/wp-json\/wp\/v2\/product_cat?post=1165"},{"taxonomy":"product_tag","embeddable":true,"href":"https:\/\/mena-creation.com\/fr\/wp-json\/wp\/v2\/product_tag?post=1165"}],"curies":[{"name":"wp","href":"https:\/\/api.w.org\/{rel}","templated":true}]}}